{"id":13,"date":"2026-01-26T08:04:11","date_gmt":"2026-01-26T08:04:11","guid":{"rendered":"https:\/\/wp.tims-fr.com\/?page_id=13"},"modified":"2026-04-23T11:43:21","modified_gmt":"2026-04-23T11:43:21","slug":"historique","status":"publish","type":"page","link":"https:\/\/wp.tims-fr.com\/?page_id=13","title":{"rendered":"HISTORIQUE"},"content":{"rendered":"\n<section class=\"wp-block-group alignfull has-global-padding is-layout-constrained wp-container-core-group-is-layout-608bbd49 wp-block-group-is-layout-constrained\" style=\"margin-top:0px;padding-top:6rem;padding-right:1rem;padding-bottom:5rem;padding-left:1rem;font-size:clamp(0.875rem, 0.875rem + ((1vw - 0.2rem) * 0.425), 1.13rem);font-style:normal;font-weight:400;line-height:1.4\">\n<div class=\"wp-block-columns is-layout-flex wp-container-core-columns-is-layout-03ad6a19 wp-block-columns-is-layout-flex\" style=\"margin-bottom:0px\">\n<div class=\"wp-block-column is-vertically-aligned-center is-layout-flow wp-block-column-is-layout-flow\" style=\"flex-basis:50%\">\n<figure class=\"wp-block-image alignleft size-full\"><img decoding=\"async\" src=\"https:\/\/timsfr.wordpress.com\/wp-content\/uploads\/2025\/07\/usine-ext-3.jpg\" alt=\"\" class=\"wp-image-216\" style=\"aspect-ratio:1;object-fit:cover\"\/><\/figure>\n<\/div>\n\n\n\n<div class=\"wp-block-column is-vertically-aligned-center has-global-padding is-layout-constrained wp-container-core-column-is-layout-c4a7d96a wp-block-column-is-layout-constrained\" style=\"flex-basis:50%\">\n<h3 class=\"wp-block-heading has-text-align-left has-text-color has-suranna-font-family\" style=\"color:#000000;margin-top:0.5rem;margin-bottom:0rem;font-size:clamp(24.034px, 1.502rem + ((1vw - 3.2px) * 1.663), 40px);font-style:normal;font-weight:500;letter-spacing:0px;line-height:1.3\">Notre histoire&#8230;<\/h3>\n\n\n\n<p class=\"has-text-align-left has-pontano-sans-font-family has-text-color\" style=\"color:#000000;margin-top:20px;margin-bottom:20px;font-size:clamp(14px, 0.875rem + ((1vw - 3.2px) * 0.417), 18px);font-style:normal;font-weight:400;line-height:1.5\">L\u2019entreprise <strong>TIMS<\/strong> a \u00e9t\u00e9 fond\u00e9 en 1985 avec au d\u00e9part du mat\u00e9riel traditionnel monobroche et reprise.<\/p>\n\n\n\n<p class=\"has-text-align-left has-pontano-sans-font-family has-text-color\" style=\"color:#000000;margin-top:20px;margin-bottom:20px;font-size:clamp(14px, 0.875rem + ((1vw - 3.2px) * 0.417), 18px);font-style:normal;font-weight:400;line-height:1.5\"> En 1990, le parc machine outils a \u00e9volu\u00e9 par la mise en place d\u2019un parc multibroches. Une soci\u00e9t\u00e9 compl\u00e9mentaire \u00ab&nbsp;COUDRAY TECHNOLOGIES\u00bb a \u00e9t\u00e9 cr\u00e9\u00e9 en 1993 avec un parc machine a commande num\u00e9rique poup\u00e9e fixe et poup\u00e9e mobile 7 axes.<\/p>\n\n\n\n<p class=\"has-text-align-left has-pontano-sans-font-family has-text-color\" style=\"color:#000000;margin-top:20px;margin-bottom:20px;font-size:clamp(14px, 0.875rem + ((1vw - 3.2px) * 0.417), 18px);font-style:normal;font-weight:400;line-height:1.5\">L\u2019activit\u00e9 se concentre autour de l\u2019usinage de pi\u00e8ces d\u00e9collet\u00e9es de g\u00e9om\u00e9tries et complexit\u00e9s variables, destin\u00e9es au secteur du m\u00e9dical et param\u00e9dical, \u00e0 l\u2019a\u00e9ronautique, la connectique, l\u2019informatique, la visserie, l\u2019\u00e9lectricit\u00e9, l\u2019ameublement, et les sports et loisirs. Les pi\u00e8ces sont produites en petites, moyennes ou grandes s\u00e9ries. La r\u00e9alisation d\u2019ensembles et sous-ensembles fait \u00e9galement partie de l\u2019activit\u00e9.<\/p>\n<\/div>\n<\/div>\n<\/section>\n\n\n\n<div class=\"wp-block-cover alignfull is-light\"><span aria-hidden=\"true\" class=\"wp-block-cover__background has-background-dim-100 has-background-dim\" style=\"background-color:#e27013\"><\/span><div class=\"wp-block-cover__inner-container has-global-padding is-layout-constrained wp-block-cover-is-layout-constrained\">\n<div class=\"wp-block-group alignfull is-vertical is-content-justification-center is-layout-flex wp-container-core-group-is-layout-2b639f49 wp-block-group-is-layout-flex\" style=\"margin-top:0px;margin-bottom:0px;padding-top:0rem;padding-right:1px;padding-bottom:2.01rem;padding-left:1px\">\n<div class=\"wp-block-columns alignfull is-layout-flex wp-container-core-columns-is-layout-35290b6f wp-block-columns-is-layout-flex\" style=\"padding-top:0rem\">\n<div class=\"wp-block-column is-vertically-aligned-top is-layout-flow wp-block-column-is-layout-flow\" style=\"padding-top:1rem;padding-right:0rem;padding-bottom:1rem;padding-left:0rem\">\n<div class=\"wp-block-cover alignleft\"><img decoding=\"async\" class=\"wp-block-cover__image-background wp-image-223\" alt=\"\" src=\"https:\/\/timsfr.wordpress.com\/wp-content\/uploads\/2025\/07\/monobroche-2.png\" data-object-fit=\"cover\"\/><span aria-hidden=\"true\" class=\"wp-block-cover__background has-background-dim\"><\/span><div class=\"wp-block-cover__inner-container is-layout-flow wp-block-cover-is-layout-flow\">\n<p class=\"has-text-align-center has-small-font-size\">1985 &#8211; Monobroches<\/p>\n<\/div><\/div>\n<\/div>\n\n\n\n<div class=\"wp-block-column is-layout-flow wp-block-column-is-layout-flow\" style=\"padding-top:1rem;padding-right:0rem;padding-bottom:1rem;padding-left:0rem\">\n<div class=\"wp-block-cover alignleft\"><img decoding=\"async\" class=\"wp-block-cover__image-background wp-image-229\" alt=\"\" src=\"https:\/\/timsfr.wordpress.com\/wp-content\/uploads\/2025\/07\/parc-multi-.jpg\" data-object-fit=\"cover\"\/><span aria-hidden=\"true\" class=\"wp-block-cover__background has-background-dim\"><\/span><div class=\"wp-block-cover__inner-container is-layout-flow wp-block-cover-is-layout-flow\">\n<p class=\"has-text-align-center has-small-font-size\">1990 &#8211; Evolution du parc machine multi-broches<\/p>\n<\/div><\/div>\n<\/div>\n\n\n\n<div class=\"wp-block-column is-layout-flow wp-block-column-is-layout-flow\" style=\"padding-top:1rem;padding-right:0rem;padding-bottom:1rem;padding-left:0rem\">\n<div class=\"wp-block-cover alignleft\"><img decoding=\"async\" class=\"wp-block-cover__image-background wp-image-230\" alt=\"\" src=\"https:\/\/timsfr.wordpress.com\/wp-content\/uploads\/2025\/07\/usine-exterieur.jpg\" data-object-fit=\"cover\"\/><span aria-hidden=\"true\" class=\"wp-block-cover__background has-background-dim\"><\/span><div class=\"wp-block-cover__inner-container is-layout-flow wp-block-cover-is-layout-flow\">\n<p class=\"has-text-align-center has-small-font-size\">1993 &#8211; Cr\u00e9ation d&rsquo;une soci\u00e9t\u00e9 compl\u00e9mentaire COUDRAY TECHNOLOGIE<\/p>\n<\/div><\/div>\n<\/div>\n\n\n\n<div class=\"wp-block-column is-layout-flow wp-block-column-is-layout-flow\" style=\"padding-top:1rem;padding-right:0rem;padding-bottom:1rem;padding-left:0rem\">\n<div class=\"wp-block-cover alignleft\"><img decoding=\"async\" class=\"wp-block-cover__image-background wp-image-228\" alt=\"\" src=\"https:\/\/timsfr.wordpress.com\/wp-content\/uploads\/2025\/07\/parc-numerique-1996.jpg\" data-object-fit=\"cover\"\/><span aria-hidden=\"true\" class=\"wp-block-cover__background has-background-dim\"><\/span><div class=\"wp-block-cover__inner-container is-layout-flow wp-block-cover-is-layout-flow\">\n<p class=\"has-text-align-center has-medium-font-size\">1996 &#8211; Parc num\u00e9rique poup\u00e9e fixe et surtout poup\u00e9e mobile 7 axes<\/p>\n<\/div><\/div>\n<\/div>\n<\/div>\n<\/div>\n<\/div><\/div>\n\n\n\n<section class=\"wp-block-group alignfull has-global-padding is-layout-constrained wp-container-core-group-is-layout-8202059b wp-block-group-is-layout-constrained\" style=\"margin-top:0px;padding-top:6rem;padding-right:1rem;padding-bottom:6rem;padding-left:1rem;font-size:clamp(0.875rem, 0.875rem + ((1vw - 0.2rem) * 0.425), 1.13rem);font-style:normal;font-weight:400;line-height:1.4\">\n<div class=\"wp-block-columns is-layout-flex wp-container-core-columns-is-layout-03ad6a19 wp-block-columns-is-layout-flex\" style=\"margin-bottom:0px\">\n<div class=\"wp-block-column is-vertically-aligned-center has-global-padding is-layout-constrained wp-container-core-column-is-layout-c4a7d96a wp-block-column-is-layout-constrained\" style=\"flex-basis:50%\">\n<h3 class=\"wp-block-heading has-text-align-left has-text-color has-suranna-font-family\" style=\"color:#010101;margin-top:0.5rem;margin-bottom:0rem;font-size:clamp(24.034px, 1.502rem + ((1vw - 3.2px) * 1.663), 40px);font-style:normal;font-weight:500;letter-spacing:0px;line-height:1.3\">Aujourd&rsquo;hui&#8230;<\/h3>\n\n\n\n<p class=\"has-text-align-left has-pontano-sans-font-family has-text-color\" style=\"color:#010101;margin-top:20px;margin-bottom:20px;font-size:clamp(14px, 0.875rem + ((1vw - 3.2px) * 0.417), 18px);font-style:normal;font-weight:400;line-height:1.5\">L\u2019entreprise reste familial avec la rel\u00e8ve de la nouvelle g\u00e9n\u00e9ration qui apporte modernit\u00e9 et jeunesse tout en restant fid\u00e8le \u00e0 ses origines.<\/p>\n\n\n\n<div class=\"wp-block-group has-global-padding is-content-justification-center is-layout-constrained wp-container-core-group-is-layout-2f0bcb29 wp-block-group-is-layout-constrained\" style=\"margin-top:0px\">\n<div class=\"wp-block-buttons is-horizontal is-content-justification-right is-layout-flex wp-container-core-buttons-is-layout-099266fd wp-block-buttons-is-layout-flex\" style=\"margin-top:0.51rem\">\n<div class=\"wp-block-button has-custom-width wp-block-button__width-100 is-style-fill\"><a class=\"wp-block-button__link has-text-color has-background has-custom-font-size wp-element-button\" href=\"https:\/\/wp.tims-fr.com\/?page_id=14\" style=\"border-style:none;border-width:0px;border-radius:0rem;color:#fffffd;background-color:#e27013;padding-top:0.71rem;padding-right:0.31rem;padding-bottom:0.71rem;padding-left:0.31rem;font-size:clamp(0.875rem, 0.875rem + ((1vw - 0.2rem) * 0.225), 1.01rem);font-style:normal;font-weight:600;line-height:1.5;text-transform:uppercase\">voir parc machine<\/a><\/div>\n<\/div>\n<\/div>\n<\/div>\n\n\n\n<div class=\"wp-block-column is-vertically-aligned-center is-layout-flow wp-block-column-is-layout-flow\" style=\"flex-basis:50%\">\n<figure class=\"wp-block-image alignright size-full has-custom-border\"><img decoding=\"async\" src=\"https:\/\/timsfr.wordpress.com\/wp-content\/uploads\/2025\/07\/kmx.jpg\" alt=\"\" class=\"has-border-color has-tertiary-border-color wp-image-231\" style=\"border-width:1px;aspect-ratio:1;object-fit:cover\"\/><\/figure>\n<\/div>\n<\/div>\n<\/section>\n\n\n\n<section class=\"wp-block-cover alignfull\" style=\"margin-top:0px;padding-top:1.01rem;padding-bottom:1.01rem;min-height:430px;aspect-ratio:unset;\"><img decoding=\"async\" class=\"wp-block-cover__image-background wp-image-342 size-large\" alt=\"\" src=\"https:\/\/timsfr.wordpress.com\/wp-content\/uploads\/2025\/07\/interieur-machine.jpg?w=867\" style=\"object-position:71% 70%\" data-object-fit=\"cover\" data-object-position=\"71% 70%\"\/><span aria-hidden=\"true\" class=\"wp-block-cover__background has-contrast-background-color has-background-dim-70 has-background-dim\"><\/span><div class=\"wp-block-cover__inner-container has-global-padding is-layout-constrained wp-container-core-cover-is-layout-b1bebcb3 wp-block-cover-is-layout-constrained\">\n<div class=\"wp-block-group has-text-color is-layout-flow wp-block-group-is-layout-flow\" style=\"color:#fffffd;margin-top:0px;padding-top:0rem;padding-right:1rem;padding-bottom:0rem;padding-left:1rem;font-size:clamp(0.875rem, 0.875rem + ((1vw - 0.2rem) * 0.425), 1.13rem);font-style:normal;font-weight:400;line-height:1.4\">\n<div class=\"wp-block-group has-global-padding is-layout-constrained wp-container-core-group-is-layout-bdbfdc43 wp-block-group-is-layout-constrained\">\n<p class=\"has-text-align-center has-text-color\" style=\"color:#fffffd;margin-bottom:0rem;font-size:clamp(1.507rem, 1.507rem + ((1vw - 0.2rem) * 1.672), 2.51rem);font-style:normal;font-weight:400;line-height:1.2\">\u00ab\u00a0Nous relevons le d\u00e9fi de la compl\u00e9xit\u00e9 technique, dans la volont\u00e9 permanente d&rsquo;apporter la r\u00e9ponse la plus appropri\u00e9e aux besoins de nos clients\u00a0\u00bb<\/p>\n<\/div>\n\n\n\n<div class=\"wp-block-group is-vertical is-content-justification-stretch is-layout-flex wp-container-core-group-is-layout-bfdebe91 wp-block-group-is-layout-flex\" style=\"margin-top:1.81rem;padding-right:0px;padding-left:0px\">\n<div class=\"wp-block-group has-global-padding is-content-justification-center is-layout-constrained wp-container-core-group-is-layout-2f0bcb29 wp-block-group-is-layout-constrained\" style=\"margin-top:0px\">\n<div class=\"wp-block-buttons is-horizontal is-content-justification-right is-layout-flex wp-container-core-buttons-is-layout-099266fd wp-block-buttons-is-layout-flex\" style=\"margin-top:0.51rem\">\n<div class=\"wp-block-button has-custom-width wp-block-button__width-100 is-style-fill\"><a class=\"wp-block-button__link has-text-color has-background has-custom-font-size wp-element-button\" href=\"https:\/\/wp.tims-fr.com\/?page_id=15\" style=\"border-style:none;border-width:0px;border-radius:0rem;color:#fffffd;background-color:#e27013;padding-top:0.71rem;padding-right:0.31rem;padding-bottom:0.71rem;padding-left:0.31rem;font-size:clamp(0.875rem, 0.875rem + ((1vw - 0.2rem) * 0.225), 1.01rem);font-style:normal;font-weight:600;line-height:1.5;text-transform:uppercase\">Contacter nous<\/a><\/div>\n<\/div>\n<\/div>\n<\/div>\n<\/div>\n<\/div><\/section>\n","protected":false},"excerpt":{"rendered":"<p>Notre histoire&#8230; L\u2019entreprise TIMS a \u00e9t\u00e9 fond\u00e9 en 1985 avec au d\u00e9part du mat\u00e9riel traditionnel monobroche et reprise. En 1990, le parc machine outils a \u00e9volu\u00e9 par la mise en place d\u2019un parc multibroches. Une soci\u00e9t\u00e9 compl\u00e9mentaire \u00ab&nbsp;COUDRAY TECHNOLOGIES\u00bb a \u00e9t\u00e9 cr\u00e9\u00e9 en 1993 avec un parc machine a commande num\u00e9rique poup\u00e9e fixe et poup\u00e9e [&hellip;]<\/p>\n","protected":false},"author":1,"featured_media":0,"parent":0,"menu_order":3,"comment_status":"closed","ping_status":"closed","template":"","meta":{"footnotes":""},"class_list":["post-13","page","type-page","status-publish","hentry"],"_links":{"self":[{"href":"https:\/\/wp.tims-fr.com\/index.php?rest_route=\/wp\/v2\/pages\/13","targetHints":{"allow":["GET"]}}],"collection":[{"href":"https:\/\/wp.tims-fr.com\/index.php?rest_route=\/wp\/v2\/pages"}],"about":[{"href":"https:\/\/wp.tims-fr.com\/index.php?rest_route=\/wp\/v2\/types\/page"}],"author":[{"embeddable":true,"href":"https:\/\/wp.tims-fr.com\/index.php?rest_route=\/wp\/v2\/users\/1"}],"replies":[{"embeddable":true,"href":"https:\/\/wp.tims-fr.com\/index.php?rest_route=%2Fwp%2Fv2%2Fcomments&post=13"}],"version-history":[{"count":19,"href":"https:\/\/wp.tims-fr.com\/index.php?rest_route=\/wp\/v2\/pages\/13\/revisions"}],"predecessor-version":[{"id":168,"href":"https:\/\/wp.tims-fr.com\/index.php?rest_route=\/wp\/v2\/pages\/13\/revisions\/168"}],"wp:attachment":[{"href":"https:\/\/wp.tims-fr.com\/index.php?rest_route=%2Fwp%2Fv2%2Fmedia&parent=13"}],"curies":[{"name":"wp","href":"https:\/\/api.w.org\/{rel}","templated":true}]}}